{"id":106,"date":"2014-05-08T07:59:30","date_gmt":"2014-05-08T11:59:30","guid":{"rendered":"http:\/\/sjccc.ca\/sjeng\/?page_id=106"},"modified":"2019-11-04T15:28:44","modified_gmt":"2019-11-04T20:28:44","slug":"rhsj-fund","status":"publish","type":"page","link":"https:\/\/www.sjccc.ca\/sjfre\/?page_id=106","title":{"rendered":"Fonds des RHSJ"},"content":{"rendered":"<p><img loading=\"lazy\" decoding=\"async\" class=\"alignright size-medium wp-image-573\" src=\"https:\/\/www.sjccc.ca\/sjfre\/wp-content\/uploads\/2014\/05\/RHSJ-fund-logo-CMYK-300x59.jpg\" alt=\"RHSJ fund logo CMYK\" width=\"300\" height=\"59\" srcset=\"https:\/\/www.sjccc.ca\/sjfre\/wp-content\/uploads\/2014\/05\/RHSJ-fund-logo-CMYK-300x59.jpg 300w, https:\/\/www.sjccc.ca\/sjfre\/wp-content\/uploads\/2014\/05\/RHSJ-fund-logo-CMYK.jpg 776w\" sizes=\"auto, (max-width: 300px) 100vw, 300px\" \/><\/p>\n<p lang=\"en-CA\"><span style=\"color: #666666;\"><span style=\"font-family: Arial, sans-serif;\"><span lang=\"fr-CA\">Le Fonds du Centre de sant\u00e9 des Religieuses Hospitali\u00e8res de Saint-Joseph de Cornwall (Fonds du CS des RHSJC) a \u00e9t\u00e9 constitu\u00e9 en 1998 dans le but de recueillir des fonds et de soutenir la mission de nos fondatrices au Centre de soins prolong\u00e9s St-Joseph.<\/span><\/span><\/span><\/p>\n<p lang=\"en-CA\"><span style=\"color: #666666;\"><span style=\"font-family: Arial, sans-serif;\"><span lang=\"fr-CA\">Les directrices sont : Linda Wilson, Pr\u00e9sidente; Debbie Mahon, Vice-pr\u00e9sidente; Debbie Allan, Tr\u00e9sori\u00e8re\/s<\/span><\/span><\/span><span style=\"color: #666666; font-family: Arial, sans-serif;\">ecr\u00e9taire<\/span><span style=\"font-family: Arial, sans-serif; color: #666666;\">; Soeur Patricia Cuddihy; Laurie Sullivan-Kennedy; Diane Nixon; et Lise Proulx.<\/span><\/p>\n<p lang=\"en-CA\"><span style=\"color: #666666;\"><span style=\"font-family: Arial, sans-serif;\"><span lang=\"fr-CA\">Les dons au Fonds du CS des RHSJC aident \u00e0 am\u00e9liorer les programmes offerts aux pensionnaires et aux patients et sont utilis\u00e9s pour acheter de l\u2019\u00e9quipement sp\u00e9cialis\u00e9. Chaque dollar recueilli nous aide \u00e0 mettre en valeur le riche h\u00e9ritage l\u00e9gu\u00e9 par les Religieuses Hospitali\u00e8res de St-Joseph (RHSJ) il y a plus de 115 ans. Notre but est de r\u00e9pondre aux besoins m\u00e9dicaux de plus en plus complexes de tous nos pensionnaires et patients.<\/span><\/span><\/span><\/p>\n<p lang=\"en-CA\"><span style=\"color: #666666;\"><span style=\"font-family: Arial, sans-serif;\"><span lang=\"fr-CA\">Nous accueillons avec gratitude votre don. Il sera utilis\u00e9 pour aider \u00e0 am\u00e9liorer la qualit\u00e9 de vie de nos pensionnaires et patients \u00e0 un moment o\u00f9 ils sont particuli\u00e8rement vuln\u00e9rables. Nous acceptons et reconnaissons tous les dons et consid\u00e9rons nos donateurs et bienfaiteurs comme faisant partie de notre grande famille.<\/span><\/span><\/span><span style=\"color: #666666;\"><span style=\"font-family: Arial, sans-serif;\"><span lang=\"fr-CA\">\u00a0<\/span><\/span><\/span><strong><span style=\"color: #666666;\"><span lang=\"fr-CA\">Nous pouvons maintenant accepter les <\/span><\/span><\/strong><span style=\"color: #0000ff;\"><span style=\"text-decoration: underline;\"><a class=\"western\" href=\"https:\/\/www.canadahelps.org\/fr\/dn\/11913\"><span lang=\"fr-CA\"><b>dons en ligne<\/b><\/span><\/a><\/span><\/span><strong><span style=\"color: #666666;\"><span lang=\"fr-CA\"> et d\u00e9livrer un re\u00e7u officiel imm\u00e9diatement.<\/span><\/span><\/strong><\/p>\n<p lang=\"en-CA\"><span style=\"color: #666666;\"><span style=\"font-family: Arial, sans-serif;\"><span lang=\"fr-CA\">Au Fonds du CS des RHSJC, nous respectons votre vie priv\u00e9e et nous nous sommes engag\u00e9s \u00e0 prot\u00e9ger vos renseignements personnels conform\u00e9ment \u00e0 notre politique de confidentialit\u00e9. Nous ne divulguons pas les renseignements personnels contenus dans nos listes d\u2019envoi. Vos renseignements serviront uniquement \u00e0 r\u00e9pondre \u00e0 votre demande et \u00e0 remplir notre mandat de recueillir des fonds pour le Centre de soins prolong\u00e9s St-Joseph ainsi qu\u2019\u00e0 vous tenir au courant des activit\u00e9s de la Fondation. Vous pouvez demander en tout temps que votre nom soit retir\u00e9 de notre liste d\u2019envoi en communiquant avec notre bureau.<\/span><\/span><\/span><\/p>\n<p lang=\"en-CA\"><strong><span style=\"color: #666666;\"><span lang=\"fr-CA\">Programme de dons comm\u00e9moratifs<\/span><\/span><\/strong><\/p>\n<p lang=\"en-CA\"><span style=\"color: #666666;\"><span style=\"font-family: Arial, sans-serif;\"><span lang=\"fr-CA\">Vous pouvez rendre hommage \u00e0 la m\u00e9moire d\u2019une personne aim\u00e9e en faisant un don \u00e0 la Fondation. Les proches auront la consolation de savoir que ce don comm\u00e9moratif apportera r\u00e9confort \u00e0 d\u2019autres pensionnaires de notre \u00e9tablissement. C\u2019est avec plaisir que nous informerons la famille de votre don en lui faisant parvenir une carte. Vous pouvez d\u00e9sormais faire un don comm\u00e9moratif en ligne.<\/span><\/span><\/span><\/p>\n<p lang=\"en-CA\"><span style=\"color: #666666;\"><span style=\"font-family: Arial, sans-serif;\"><span lang=\"fr-CA\">Vous pouvez \u00e9galement faire un don comm\u00e9moratif dans tous les salons fun\u00e9raires locaux, au Bureau des services administratifs du Centre de soins prolong\u00e9s St-Joseph ou par la poste. Nous acceptons aussi les dons faits par t\u00e9l\u00e9phone, au 613 933-6040, poste 0. Veuillez vous assurer d\u2019avoir votre carte de cr\u00e9dit Visa ou MasterCard en main quand vous appelez.<\/span><\/span><\/span><\/p>\n<p lang=\"en-CA\"><span style=\"color: #666666;\"><span style=\"font-family: Arial, sans-serif;\"><span lang=\"fr-CA\">Vous pouvez poster votre ch\u00e8que \u00e9tabli \u00e0 l\u2019ordre du Fonds du CS des RHSJC \u00e0 l\u2019adresse suivante\u00a0:<br \/>\n<\/span><\/span><\/span><strong><span style=\"color: #666666;\"><span lang=\"fr-CA\">Fonds du CS des RHSJC<\/span><\/span><\/strong><span style=\"color: #666666;\"><span style=\"font-family: Arial, sans-serif;\"><span lang=\"fr-CA\"><br \/>\n<\/span><\/span><\/span><strong><span style=\"color: #666666;\"><span lang=\"fr-CA\">14, rue York <\/span><\/span><\/strong><span style=\"color: #666666;\"><span style=\"font-family: Arial, sans-serif;\"><span lang=\"fr-CA\"><br \/>\n<\/span><\/span><\/span><strong><span style=\"color: #666666;\"><span lang=\"fr-CA\">Cornwall (Ontario)<\/span><\/span><\/strong><span style=\"color: #666666;\"><span style=\"font-family: Arial, sans-serif;\"><span lang=\"fr-CA\"><br \/>\n<\/span><\/span><\/span><strong><span style=\"color: #666666;\"><span lang=\"fr-CA\">K6J 5T2<\/span><\/span><\/strong><\/p>\n<p lang=\"en-CA\"><span style=\"color: #666666;\"><span style=\"font-family: Arial, sans-serif;\"><span lang=\"fr-CA\">Le montant de votre don est confidentiel; il s\u2019agit d\u2019un renseignement personnel qui est prot\u00e9g\u00e9 conform\u00e9ment \u00e0 notre politique de confidentialit\u00e9. Num\u00e9ro d\u2019enregistrement d\u2019organisme de bienfaisance : 86983 9175 RR0001.<\/span><\/span><\/span><\/p>\n<p lang=\"en-CA\"><strong><span style=\"color: #666666;\"><span lang=\"fr-CA\">Campagne <\/span><\/span><\/strong><strong><span style=\"color: #666666;\"><span lang=\"fr-CA\"><i>Lumi\u00e8res de l\u2019espoir<\/i><\/span><\/span><\/strong><\/p>\n<p lang=\"en-CA\"><span style=\"color: #666666;\"><span style=\"font-family: Arial, sans-serif;\"><span lang=\"fr-CA\">Mise sur pied par un de nos commanditaires locaux, FARM BOY, et le groupe p\u00e9diatrique des Auxiliaires de l\u2019H\u00f4pital H\u00f4tel-Dieu, la campagne <\/span><\/span><\/span><span style=\"color: #666666;\"><span style=\"font-family: Arial, sans-serif;\"><span lang=\"fr-CA\"><i>Lumi\u00e8res de l\u2019espoir<\/i><\/span><\/span><\/span><span style=\"color: #666666;\"><span style=\"font-family: Arial, sans-serif;\"><span lang=\"fr-CA\"> a vu le jour pendant la p\u00e9riode de No\u00ebl de 1989. Tous les fonds recueillis de 1989 \u00e0 1998 ont profit\u00e9 aux enfants malades de notre communaut\u00e9.<\/span><\/span><\/span><\/p>\n<p lang=\"en-CA\"><span style=\"color: #666666;\"><span style=\"font-family: Arial, sans-serif;\"><span lang=\"fr-CA\">\u00c0 la suite d\u2019une restructuration et compte tenu de l\u2019orientation actuelle des soins de sant\u00e9 dans notre communaut\u00e9, le groupe p\u00e9diatrique des Auxiliaires a cess\u00e9 de parrainer la campagne en 1998. C\u2019est alors que le Fonds du Centre de sant\u00e9 des Religieuses Hospitali\u00e8res de Saint-Joseph de Cornwall a pris la rel\u00e8ve afin de poursuivre la tradition.<\/span><\/span><\/span><\/p>\n<p class=\"western\"><span style=\"color: #666666;\"><span style=\"font-family: Arial, sans-serif;\"><span lang=\"fr-CA\">Notre Fondation est heureuse de remettre tous les fonds recueillis dans le cadre de la campagne au Centre de soins prolong\u00e9s St-Joseph.<\/span><\/span><\/span><\/p>\n<p class=\"western\"><span style=\"color: #666666;\"><span style=\"font-family: Arial, sans-serif;\"><span lang=\"fr-CA\">La Fondation s\u2019est engag\u00e9e \u00e0 r\u00e9pondre aux besoins m\u00e9dicaux et de soutien de plus en plus complexes de nos pensionnaires et \u00e0 offrir un milieu confortable \u00e0 tous. Nous sommes encourag\u00e9s par l\u2019appui que nous recevons des particuliers, des entreprises et des commerces locaux pour cette campagne de collecte de fonds. Chaque dollar recueilli nous aide \u00e0 mettre en valeur le riche h\u00e9ritage l\u00e9gu\u00e9 par les Religieuses Hospitali\u00e8res de St-Joseph il y a plus de 115 ans.<\/span><\/span><\/span><\/p>\n<p class=\"western\"><span style=\"color: #666666;\"><span style=\"font-family: Arial, sans-serif;\"><span lang=\"fr-CA\">L\u2019\u00e9quipement sp\u00e9cialis\u00e9 comprend :<\/span><\/span><\/span><\/p>\n<ul>\n<li>\n<p class=\"western\"><span style=\"color: #666666;\"><span lang=\"fr-CA\">des matelas de r\u00e9duction ou de soulagement de la pression;<\/span><\/span><\/p>\n<\/li>\n<li>\n<p class=\"western\" lang=\"fr-CA\"><span style=\"color: #666666;\">des moniteurs \u00e9lectroniques de signes vitaux;<\/span><\/p>\n<\/li>\n<li>\n<p class=\"western\"><span style=\"color: #666666;\"><span lang=\"fr-CA\">des l\u00e8ve-personnes pour patients bariatriques afin de faciliter les transferts, notamment au fauteuil roulant et au lit;<\/span><\/span><\/p>\n<\/li>\n<li>\n<p class=\"western\"><span style=\"color: #666666;\"><span lang=\"fr-CA\">des lits d\u2019h\u00f4pital;<\/span><\/span><\/p>\n<\/li>\n<\/ul>\n<ul>\n<li>\n<p class=\"western\"><span style=\"color: #666666;\"><span lang=\"fr-CA\">des articles de confort, comme des oreillers sp\u00e9ciaux<\/span><\/span><span style=\"color: #666666;\"><span lang=\"fr-CA\">.<\/span><\/span><\/p>\n<\/li>\n<\/ul>\n<p lang=\"en-CA\"><span style=\"color: #666666;\"><span style=\"font-family: Arial, sans-serif;\"><span lang=\"fr-CA\">Le succ\u00e8s de la campagne <\/span><\/span><\/span><span style=\"color: #666666;\"><span style=\"font-family: Arial, sans-serif;\"><span lang=\"fr-CA\"><i>Lumi\u00e8res de l\u2019espoir<\/i><\/span><\/span><\/span><span style=\"color: #666666;\"><span style=\"font-family: Arial, sans-serif;\"><span lang=\"fr-CA\"> d\u00e9pend enti\u00e8rement du soutien de la communaut\u00e9. Votre don apportera de la lumi\u00e8re dans la vie de nos pensionnaires en contribuant \u00e0 r\u00e9pondre \u00e0 leurs besoins sp\u00e9ciaux et \u00e0 am\u00e9liorer leur confort et les programmes offerts.<\/span><\/span><\/span><\/p>\n<p lang=\"en-CA\"><span style=\"color: #666666;\"><span style=\"font-family: Arial, sans-serif;\"><span lang=\"fr-CA\">Vous pouvez faire un don :<\/span><\/span><\/span><\/p>\n<ul>\n<li>\n<p class=\"western\"><span style=\"color: #666666;\"><span lang=\"fr-CA\">en personne au Bureau des services administratifs du Centre de soins prolong\u00e9s St-Joseph<\/span><\/span><\/p>\n<\/li>\n<li>\n<p class=\"western\"><span style=\"color: #666666;\"><span lang=\"fr-CA\">par la poste \u00e0\u00a0: Lumi\u00e8res de l\u2019espoir, C.P. 94, Cornwall (Ontario) K6H 5R9<\/span><\/span><\/p>\n<\/li>\n<\/ul>\n","protected":false},"excerpt":{"rendered":"<p>Le Fonds du Centre de sant\u00e9 des Religieuses Hospitali\u00e8res de Saint-Joseph de Cornwall (Fonds du CS des RHSJC) a \u00e9t\u00e9 constitu\u00e9 en 1998 dans le but de recueillir des fonds et de soutenir la mission de nos fondatrices au Centre<\/p>\n","protected":false},"author":1,"featured_media":0,"parent":0,"menu_order":1,"comment_status":"closed","ping_status":"closed","template":"","meta":{"_monsterinsights_skip_tracking":false,"_monsterinsights_sitenote_active":false,"_monsterinsights_sitenote_note":"","_monsterinsights_sitenote_category":0,"footnotes":""},"class_list":["post-106","page","type-page","status-publish","hentry","wp-image-borders"],"_links":{"self":[{"href":"https:\/\/www.sjccc.ca\/sjfre\/index.php?rest_route=\/wp\/v2\/pages\/106","targetHints":{"allow":["GET"]}}],"collection":[{"href":"https:\/\/www.sjccc.ca\/sjfre\/index.php?rest_route=\/wp\/v2\/pages"}],"about":[{"href":"https:\/\/www.sjccc.ca\/sjfre\/index.php?rest_route=\/wp\/v2\/types\/page"}],"author":[{"embeddable":true,"href":"https:\/\/www.sjccc.ca\/sjfre\/index.php?rest_route=\/wp\/v2\/users\/1"}],"replies":[{"embeddable":true,"href":"https:\/\/www.sjccc.ca\/sjfre\/index.php?rest_route=%2Fwp%2Fv2%2Fcomments&post=106"}],"version-history":[{"count":31,"href":"https:\/\/www.sjccc.ca\/sjfre\/index.php?rest_route=\/wp\/v2\/pages\/106\/revisions"}],"predecessor-version":[{"id":1078,"href":"https:\/\/www.sjccc.ca\/sjfre\/index.php?rest_route=\/wp\/v2\/pages\/106\/revisions\/1078"}],"wp:attachment":[{"href":"https:\/\/www.sjccc.ca\/sjfre\/index.php?rest_route=%2Fwp%2Fv2%2Fmedia&parent=106"}],"curies":[{"name":"wp","href":"https:\/\/api.w.org\/{rel}","templated":true}]}}