{"id":1256,"date":"2020-08-11T11:46:07","date_gmt":"2020-08-11T15:46:07","guid":{"rendered":"https:\/\/www.sjccc.ca\/sjfre\/?page_id=1256"},"modified":"2024-01-03T10:33:46","modified_gmt":"2024-01-03T15:33:46","slug":"la-gestion-des-soins-a-distance-gsd","status":"publish","type":"page","link":"https:\/\/www.sjccc.ca\/sjfre\/?page_id=1256","title":{"rendered":"La gestion des soins \u00e0 distance (GSD)"},"content":{"rendered":"<p id=\"E1039\" class=\"qowt-stl-NormalWeb\"><strong><span id=\"E1040\" class=\"qowt-font9-Arial\">Contexte<\/span><\/strong><\/p>\n<p id=\"E1041\" class=\"qowt-stl-NormalWeb\"><span id=\"E1042\" class=\"qowt-font9-Arial\">La <\/span><span id=\"E1043\" class=\"qowt-font9-Arial\">gestion des soins \u00e0 distance (GSD<\/span><span id=\"E1044\" class=\"qowt-font9-Arial\">)<\/span><span id=\"E1045\" class=\"qowt-font9-Arial\"> d\u00e9signe un mod\u00e8le de soins <\/span><span id=\"E1046\" class=\"qowt-font9-Arial\">selon lequel<\/span><span id=\"E1047\" class=\"qowt-font9-Arial\"> les \u00e9quipes cliniques et les fournisseurs de soins de sant\u00e9 <\/span><span id=\"E1048\" class=\"qowt-font9-Arial\">participent<\/span><span id=\"E1049\" class=\"qowt-font9-Arial\"> \u00e0 distance <\/span><span id=\"E1050\" class=\"qowt-font9-Arial\">au<\/span><span id=\"E1051\" class=\"qowt-font9-Arial\"> plan de soins d\u2019un patient gr\u00e2ce \u00e0 des outils virtuels. <\/span><span id=\"E1052\" class=\"qowt-font9-Arial\">\u00c0 l\u2019heure actuelle, de<\/span><span id=\"E1053\" class=\"qowt-font9-Arial\"> nombreux programmes de GSD en Ontario mettent l<\/span><span id=\"E1054\" class=\"qowt-font9-Arial\">\u2019<\/span><span id=\"E1055\" class=\"qowt-font9-Arial\">accent sur <\/span><span id=\"E1056\" class=\"qowt-font9-Arial\">le <\/span><span id=\"E1057\" class=\"qowt-font9-Arial\">soutien aux soins prodigu\u00e9s aux patients atteints de maladies chroniques <\/span><span id=\"E1058\" class=\"qowt-font9-Arial\">au moyen de<\/span><span id=\"E1059\" class=\"qowt-font9-Arial\"> <\/span><span id=\"E1060\" class=\"qowt-font9-Arial\">services de<\/span><span id=\"E1061\" class=\"qowt-font9-Arial\"> surveillance <\/span><span id=\"E1062\" class=\"qowt-font9-Arial\">de <\/span><span id=\"E1063\" class=\"qowt-font9-Arial\">l\u2019\u00e9tat de<\/span><span id=\"E1064\" class=\"qowt-font9-Arial\"> sant\u00e9 <\/span><span id=\"E1065\" class=\"qowt-font9-Arial\">et <\/span><span id=\"E1066\" class=\"qowt-font9-Arial\">d<\/span><span id=\"E1067\" class=\"qowt-font9-Arial\">\u2019<\/span><span id=\"E1068\" class=\"qowt-font9-Arial\">encadrement <\/span><span id=\"E1069\" class=\"qowt-font9-Arial\">des patients offerts <\/span><span id=\"E1070\" class=\"qowt-font9-Arial\">\u00e0 distance. De nouveaux mod\u00e8les de soins <\/span><span id=\"E1071\" class=\"qowt-font9-Arial\">fond\u00e9s sur la GSD commencent \u00e0 \u00e9merger <\/span><span id=\"E1072\" class=\"qowt-font9-Arial\">pour la dialyse \u00e0 domicile, les soins palliatifs et les soins postop\u00e9ratoires<\/span><span id=\"E1073\" class=\"qowt-font9-Arial\">.<\/span><span id=\"E1074\" class=\"qowt-font9-Arial\"> <\/span><span id=\"E1075\" class=\"qowt-font9-Arial\">Ils permettent<\/span><span id=\"E1076\" class=\"qowt-font9-Arial\"> d\u2019offrir de nouvelles options de soins virtuels \u00e0 plus de patients. En portant notre regard vers l<\/span><span id=\"E1077\" class=\"qowt-font9-Arial\">\u2019<\/span><span id=\"E1078\" class=\"qowt-font9-Arial\">avenir, <\/span><span id=\"E1079\" class=\"qowt-font9-Arial\">il semble \u00e9vident que <\/span><span id=\"E1080\" class=\"qowt-font9-Arial\">les syst\u00e8mes de GSD permettront bient\u00f4t aux organismes de soins de sant\u00e9 d\u2019\u00e9tendre la port\u00e9e des options de soins <\/span><span id=\"E1081\" class=\"qowt-font9-Arial\">qui seront<\/span><span id=\"E1082\" class=\"qowt-font9-Arial\"> accessibles \u00e0 tous les patients <\/span><span id=\"E1083\" class=\"qowt-font9-Arial\">dans le<\/span><span id=\"E1084\" class=\"qowt-font9-Arial\"> confort de leur maison. \u00a0<\/span><span id=\"E1085\" class=\"qowt-font9-Arial\"> <\/span><\/p>\n<p id=\"E1086\" class=\"qowt-stl-NormalWeb\"><strong><span id=\"E1087\" class=\"qowt-font9-Arial\">Qu<\/span><span id=\"E1088\" class=\"qowt-font9-Arial\">\u2019<\/span><span id=\"E1089\" class=\"qowt-font9-Arial\">est-ce que cela signifie pour le Centre de soins prolong\u00e9s St-Joseph?<\/span><\/strong><\/p>\n<p id=\"E1090\" class=\"qowt-stl-NormalWeb\"><span id=\"E1091\" class=\"qowt-font9-Arial\">Le Centre de soins prolong\u00e9s St-Joseph (CSPSJ) a <\/span><span id=\"E1092\" class=\"qowt-font9-Arial\">d\u00e9termin\u00e9 qu\u2019<\/span><span id=\"E1093\" class=\"qowt-font9-Arial\">un syst\u00e8me de gestion des soins \u00e0 distance <\/span><span id=\"E1094\" class=\"qowt-font9-Arial\">est une<\/span><span id=\"E1095\" class=\"qowt-font9-Arial\"> priorit\u00e9 strat\u00e9gique <\/span><span id=\"E1096\" class=\"qowt-font9-Arial\">qui viendra<\/span><span id=\"E1097\" class=\"qowt-font9-Arial\"> compl\u00e9ter <\/span><span id=\"E1098\" class=\"qowt-font9-Arial\">son<\/span><span id=\"E1099\" class=\"qowt-font9-Arial\"> programme pour les patients hospitalis\u00e9s. Pour veiller \u00e0 ce que nous adoptions ce mod\u00e8le novateur ici, au CSPSJ, nous avons \u00e9tabli un partenariat avec le R\u00e9seau T\u00e9l\u00e9m\u00e9decine Ontario (RTO) afin d\u2019offrir un programme de GSD \u00e0 nos patients <\/span><span id=\"E1100\" class=\"qowt-font9-Arial\">hospitalis\u00e9s <\/span><span id=\"E1101\" class=\"qowt-font9-Arial\">du <\/span><span id=\"E1102\" class=\"qowt-font9-Arial\">programme<\/span><span id=\"E1103\" class=\"qowt-font9-Arial\"> de r\u00e9adaptation lente qui sont en transition vers la maison.\u00a0<\/span><\/p>\n<p id=\"E1104\" class=\"qowt-stl-NormalWeb\"><span id=\"E1105\" class=\"qowt-font9-Arial\">Au d\u00e9but du projet, nous travaillerons avec une \u00e9quipe du RTO afin de cr\u00e9er la premi\u00e8re \u00ab<\/span><span id=\"E1106\" class=\"qowt-font9-Arial\">\u2009<\/span><span id=\"E1107\" class=\"qowt-font9-Arial\">passerelle clinique<\/span><span id=\"E1108\" class=\"qowt-font9-Arial\">\u2009<\/span><span id=\"E1109\" class=\"qowt-font9-Arial\">\u00bb pour les patients qui sont consid\u00e9r\u00e9s comme fragiles, g\u00e9riatriques ou vuln\u00e9rables dans le cadre d\u2019une transition<\/span><span id=\"E1110\" class=\"qowt-font9-Arial\">,<\/span><span id=\"E1111\" class=\"qowt-font9-Arial\"> <\/span><span id=\"E1112\" class=\"qowt-font9-Arial\">afin de contribuer \u00e0 la surveillance <\/span><span id=\"E1113\" class=\"qowt-font9-Arial\">du<\/span><span id=\"E1114\" class=\"qowt-font9-Arial\"> plan de <\/span><span id=\"E1115\" class=\"qowt-font9-Arial\">soins \u00e9tabli au moment de leur <\/span><span id=\"E1116\" class=\"qowt-font9-Arial\">cong\u00e9 <\/span><span id=\"E1117\" class=\"qowt-font9-Arial\">lorsque ces patients seront<\/span><span id=\"E1118\" class=\"qowt-font9-Arial\"> \u00e0 la maison.<\/span><\/p>\n<p id=\"E1119\" class=\"qowt-stl-NormalWeb\"><span id=\"E1120\" class=\"qowt-font9-Arial\">Notre programme pilote de soins \u00e0 distance, <\/span><span id=\"E1121\" class=\"qowt-font9-Arial\">mis en \u0153uvre en juin 2020, est le<\/span><span id=\"E1122\" class=\"qowt-font9-Arial\"> premier en son genre en Ontario. Ce programme <\/span><span id=\"E1123\" class=\"qowt-font9-Arial\">permettra<\/span><span id=\"E1124\" class=\"qowt-font9-Arial\"> au CSPSJ d<\/span><span id=\"E1125\" class=\"qowt-font9-Arial\">\u2019<\/span><span id=\"E1126\" class=\"qowt-font9-Arial\">atteindre les objectifs suivants<\/span><span id=\"E1128\" class=\"qowt-font9-Arial\">:<\/span><\/p>\n<ul>\n<li id=\"E1129\" class=\"qowt-li-10_0 qowt-list qowt-stl-NormalWeb\"><span id=\"E1130\" class=\"qowt-font9-Arial\">Maintenir une relation \u00ab<\/span><span id=\"E1131\" class=\"qowt-font9-Arial\">\u2009<\/span><span id=\"E1132\" class=\"qowt-font9-Arial\">virtuelle<\/span><span id=\"E1133\" class=\"qowt-font9-Arial\">\u2009<\/span><span id=\"E1134\" class=\"qowt-font9-Arial\">\u00bb avec les patients pendant 30 jours suivant leur retour \u00e0 la maison. Notre technologie permettra une surveillance \u00e0 distance et une communication bidirectionnelle avec les patients <\/span><span id=\"E1135\" class=\"qowt-font9-Arial\">apr\u00e8s leur cong\u00e9 de l\u2019h\u00f4pital <\/span><span id=\"E1136\" class=\"qowt-font9-Arial\">pour \u00e9valuer<\/span><span id=\"E1137\" class=\"qowt-font9-Arial\"> leur <\/span><span id=\"E1138\" class=\"qowt-font9-Arial\">situation lors de leur <\/span><span id=\"E1139\" class=\"qowt-font9-Arial\">retour \u00e0 la maison et leur<\/span><span id=\"E1140\" class=\"qowt-font9-Arial\">s<\/span><span id=\"E1141\" class=\"qowt-font9-Arial\"> <\/span><span id=\"E1142\" class=\"qowt-font9-Arial\">progr\u00e8s<\/span><span id=\"E1143\" class=\"qowt-font9-Arial\"> par rapport \u00e0 leur plan de soins.<\/span><\/li>\n<li id=\"E1144\" class=\"qowt-li-10_0 qowt-list qowt-stl-NormalWeb\"><span id=\"E1145\" class=\"qowt-font9-Arial\">\u00c9viter les visites au Service des urgences pendant la p\u00e9riode suivant le cong\u00e9 de l<\/span><span id=\"E1146\" class=\"qowt-font9-Arial\">\u2019<\/span><span id=\"E1147\" class=\"qowt-font9-Arial\">h\u00f4pital, o\u00f9 les risques sont plus \u00e9lev\u00e9s.<\/span><\/li>\n<li id=\"E1148\" class=\"qowt-li-10_0 qowt-list qowt-stl-NormalWeb\"><span id=\"E1149\" class=\"qowt-font9-Arial\">Am\u00e9liorer la confiance et l<\/span><span id=\"E1150\" class=\"qowt-font9-Arial\">\u2019<\/span><span id=\"E1151\" class=\"qowt-font9-Arial\">exp\u00e9rience globale des patients en leur offrant de l\u2019information sur la sant\u00e9 sp\u00e9cifique \u00e0 leur \u00e9tat. <\/span><\/li>\n<li id=\"E1152\" class=\"qowt-li-10_0 qowt-list qowt-stl-NormalWeb\"><span id=\"E1153\" class=\"qowt-font9-Arial\">Assurer une transition en douceur et un transfert chaleureux vers nos partenaires qui offrent des soins dans la communaut\u00e9.<\/span><\/li>\n<\/ul>\n<p id=\"E1154\" class=\"qowt-stl-NormalWeb\"><strong><span id=\"E1155\" class=\"qowt-font9-Arial\">Comment \u00e7a fonctionne?\u00a0<\/span><\/strong><\/p>\n<p id=\"E1156\" class=\"qowt-stl-NormalWeb\"><span id=\"E1157\" class=\"qowt-font9-Arial\">Avant leur mise en cong\u00e9, tous les patients du programme de r\u00e9adaptation lente seront \u00e9valu\u00e9s afin de d\u00e9terminer si notre programme pilote leur convient. Les patients qui <\/span><span id=\"E1158\" class=\"qowt-font9-Arial\">satisfont<\/span><span id=\"E1159\" class=\"qowt-font9-Arial\"> aux crit\u00e8res seront inscrits au programme. Nous installerons sur leur appareil mobile personnel <\/span><span id=\"E1160\" class=\"qowt-font9-Arial\">une application permettant<\/span><span id=\"E1161\" class=\"qowt-font9-Arial\"> d\u2019offrir des<\/span><span id=\"E1162\" class=\"qowt-font9-Arial\"> soins \u00e0 distance. Le CSPSJ pr\u00eatera aux patients qui n\u2019ont pas un acc\u00e8s \u00e0 Internet ou <\/span><span id=\"E1163\" class=\"qowt-font9-Arial\">qui ne disposent pas d\u2019<\/span><span id=\"E1164\" class=\"qowt-font9-Arial\">un appareil mobile une \u00ab<\/span><span id=\"E1165\" class=\"qowt-font9-Arial\">\u2009<\/span><span id=\"E1166\" class=\"qowt-font9-Arial\">trousse sant\u00e9<\/span><span id=\"E1167\" class=\"qowt-font9-Arial\">\u2009<\/span><span id=\"E1168\" class=\"qowt-font9-Arial\">\u00bb, <\/span><span id=\"E1169\" class=\"qowt-font9-Arial\">comprenant une tablette et tous les dispositifs de sant\u00e9 Bluetooth n\u00e9cessaires. Notre \u00e9quipe de soins \u00e0 distance t\u00e9l\u00e9chargera ensuite le plan de soins <\/span><span id=\"E1171\" class=\"qowt-font9-Arial\">\u00e9tabli au moment de<\/span><span id=\"E1172\" class=\"qowt-font9-Arial\"> leur cong\u00e9 sur leur appareil et leur expliquera comment utiliser l<\/span><span id=\"E1173\" class=\"qowt-font9-Arial\">\u2019<\/span><span id=\"E1174\" class=\"qowt-font9-Arial\">application pour assurer une transition fructueuse vers la maison. Chaque plan de soins <\/span><span id=\"E1175\" class=\"qowt-font9-Arial\">\u00e9tabli au moment du<\/span><span id=\"E1176\" class=\"qowt-font9-Arial\"> cong\u00e9 sera personnalis\u00e9. <\/span><span id=\"E1177\" class=\"qowt-font9-Arial\">De fa\u00e7on g\u00e9n\u00e9rale, ce plan pourrait<\/span><span id=\"E1178\" class=\"qowt-font9-Arial\"> comprendre<\/span><span id=\"E1180\" class=\"qowt-font9-Arial\">:<\/span><\/p>\n<ul>\n<li id=\"E1181\" class=\"qowt-li-23_0 qowt-list qowt-stl-NormalWeb\"><span id=\"E1183\" class=\"qowt-font9-Arial\">des<\/span><span id=\"E1185\" class=\"qowt-font9-Arial\"> suivis \u00e0 distance ou des questions de type sondage (p. ex., <\/span><span id=\"E1186\" class=\"qowt-font9-Arial\">\u00eates-vous all\u00e9<\/span><span id=\"E1187\" class=\"qowt-font9-Arial\"> chercher vos m\u00e9dicaments pour la semaine<\/span><span id=\"E1188\" class=\"qowt-font9-Arial\"> prochaine<\/span><span id=\"E1189\" class=\"qowt-font9-Arial\">?) pour <\/span><span id=\"E1190\" class=\"qowt-font9-Arial\">s\u2019assurer<\/span><span id=\"E1191\" class=\"qowt-font9-Arial\"> que les patients comprennent et respectent leur plan de soins \u00e0 la maison;<\/span><\/li>\n<li id=\"E1192\" class=\"qowt-li-23_0 qowt-list qowt-stl-NormalWeb\"><span id=\"E1194\" class=\"qowt-font9-Arial\">la<\/span><span id=\"E1196\" class=\"qowt-font9-Arial\"> collecte de signes vitaux et d<\/span><span id=\"E1197\" class=\"qowt-font9-Arial\">\u2019<\/span><span id=\"E1198\" class=\"qowt-font9-Arial\">autres <\/span><span id=\"E1199\" class=\"qowt-font9-Arial\">donn\u00e9es<\/span><span id=\"E1200\" class=\"qowt-font9-Arial\"> par l<\/span><span id=\"E1201\" class=\"qowt-font9-Arial\">\u2019<\/span><span id=\"E1202\" class=\"qowt-font9-Arial\">entremise des dispositifs Bluetooth (tension art\u00e9rielle, taux de glyc\u00e9mie, poids, pouls, saturation en oxyg\u00e8ne, temp\u00e9rature, etc.); <\/span><\/li>\n<li id=\"E1203\" class=\"qowt-li-23_0 qowt-list qowt-stl-NormalWeb\"><span id=\"E1205\" class=\"qowt-font9-Arial\">des<\/span><span id=\"E1207\" class=\"qowt-font9-Arial\"> <\/span><span id=\"E1208\" class=\"qowt-font9-Arial\">consultations<\/span><span id=\"E1209\" class=\"qowt-font9-Arial\"> vid\u00e9o virtuelles avec notre \u00e9quipe de soins \u00e0 distance;<\/span><\/li>\n<li id=\"E1210\" class=\"qowt-li-23_0 qowt-list qowt-stl-NormalWeb\"><span id=\"E1212\" class=\"qowt-font9-Arial\">des<\/span><span id=\"E1214\" class=\"qowt-font9-Arial\"> messages textes s\u00e9curis\u00e9s avec les membres de l\u2019\u00e9quipe de soins \u00e0 distance du CSPSJ;<\/span><\/li>\n<li id=\"E1215\" class=\"qowt-li-23_0 qowt-list qowt-stl-NormalWeb\"><span id=\"E1217\" class=\"qowt-font9-Arial\">de<\/span><span id=\"E1219\" class=\"qowt-font9-Arial\"> l\u2019information sur la sant\u00e9 et des vid\u00e9os sp\u00e9cifiques \u00e0 l\u2019\u00e9tat du patient<\/span><\/li>\n<\/ul>\n<p><span id=\"E1221\" class=\"qowt-font9-Arial\">Pour obtenir plus de renseignements sur le programme pilote de soins \u00e0 distance du Centre de soins prolong\u00e9s St-Joseph, communiquez avec nous par courriel \u00e0 remotecare@sjccc.ca ou par t\u00e9l\u00e9phone au 343-475-0246<\/span><span id=\"E1225\" class=\"qowt-font9-Arial\">.<\/span><\/p>\n","protected":false},"excerpt":{"rendered":"<p>Contexte La gestion des soins \u00e0 distance (GSD) d\u00e9signe un mod\u00e8le de soins selon lequel les \u00e9quipes cliniques et les fournisseurs de soins de sant\u00e9 participent \u00e0 distance au plan de soins d\u2019un patient gr\u00e2ce \u00e0 des outils virtuels. \u00c0<\/p>\n","protected":false},"author":6,"featured_media":0,"parent":0,"menu_order":0,"comment_status":"closed","ping_status":"closed","template":"","meta":{"_monsterinsights_skip_tracking":false,"_monsterinsights_sitenote_active":false,"_monsterinsights_sitenote_note":"","_monsterinsights_sitenote_category":0,"footnotes":""},"class_list":["post-1256","page","type-page","status-publish","hentry","wp-image-borders"],"_links":{"self":[{"href":"https:\/\/www.sjccc.ca\/sjfre\/index.php?rest_route=\/wp\/v2\/pages\/1256","targetHints":{"allow":["GET"]}}],"collection":[{"href":"https:\/\/www.sjccc.ca\/sjfre\/index.php?rest_route=\/wp\/v2\/pages"}],"about":[{"href":"https:\/\/www.sjccc.ca\/sjfre\/index.php?rest_route=\/wp\/v2\/types\/page"}],"author":[{"embeddable":true,"href":"https:\/\/www.sjccc.ca\/sjfre\/index.php?rest_route=\/wp\/v2\/users\/6"}],"replies":[{"embeddable":true,"href":"https:\/\/www.sjccc.ca\/sjfre\/index.php?rest_route=%2Fwp%2Fv2%2Fcomments&post=1256"}],"version-history":[{"count":2,"href":"https:\/\/www.sjccc.ca\/sjfre\/index.php?rest_route=\/wp\/v2\/pages\/1256\/revisions"}],"predecessor-version":[{"id":2236,"href":"https:\/\/www.sjccc.ca\/sjfre\/index.php?rest_route=\/wp\/v2\/pages\/1256\/revisions\/2236"}],"wp:attachment":[{"href":"https:\/\/www.sjccc.ca\/sjfre\/index.php?rest_route=%2Fwp%2Fv2%2Fmedia&parent=1256"}],"curies":[{"name":"wp","href":"https:\/\/api.w.org\/{rel}","templated":true}]}}