{"id":27,"date":"2014-04-30T10:05:57","date_gmt":"2014-04-30T14:05:57","guid":{"rendered":"http:\/\/sjccc.ca\/sjeng\/?page_id=27"},"modified":"2014-12-01T09:23:27","modified_gmt":"2014-12-01T14:23:27","slug":"rhsj-history","status":"publish","type":"page","link":"https:\/\/www.sjccc.ca\/sjfre\/?page_id=27","title":{"rendered":"Historique"},"content":{"rendered":"<div id=\"imgborder\"><a href=\"http:\/\/www.rhsjcornwall.com\/sjfre\/wp-content\/uploads\/2014\/12\/SJV-2008.jpg\"><img loading=\"lazy\" decoding=\"async\" class=\"alignright size-full wp-image-782\" src=\"http:\/\/www.rhsjcornwall.com\/sjfre\/wp-content\/uploads\/2014\/12\/SJV-2008.jpg\" alt=\"SJV-2008\" width=\"270\" height=\"123\" \/><\/a><\/div>\n<p lang=\"en-CA\"><span style=\"color: #666666;\"><span style=\"font-family: Arial, sans-serif;\"><span lang=\"fr-CA\">Le Centre de soins prolong\u00e9s St-Joseph, organisme de bienfaisance enregistr\u00e9, a \u00e9t\u00e9 fond\u00e9 par les Religieuses Hospitali\u00e8res de Saint-Joseph et est parrain\u00e9 par Sant\u00e9 catholique internationale. Il offre des soins continus complexes et des soins de longue dur\u00e9e.<\/span><\/span><\/span><\/p>\n<p lang=\"en-CA\"><span style=\"color: #666666;\"><span style=\"font-family: Arial, sans-serif;\"><span lang=\"fr-CA\">Pendant plus d\u2019un si\u00e8cle, les Religieuses Hospitali\u00e8res de Saint-Joseph n\u2019ont jamais manqu\u00e9 de reconna\u00eetre les besoins des malades, des personnes \u00e2g\u00e9es et des tr\u00e8s jeunes enfants. Leur tradition de soins holistiques et compatissants se refl\u00e8te dans leurs \u00e9nonc\u00e9s de mission, de valeurs et de vision.\u00a0Les \u00e9tablissements qu\u2019elles ont fond\u00e9s \u00e0 Cornwall passeront \u00e0 l\u2019histoire : l\u2019H\u00f4pital H\u00f4tel-Dieu, la R\u00e9sidence Saint-Paul, l\u2019Orphelinat Nazareth, l\u2019\u00c9cole des infirmi\u00e8res de Saint-Joseph, l\u2019H\u00f4pital Macdonnell Memorial, la Villa St-Joseph, les Appartements Marie de la Ferre, le pavillon Janet Macdonell et le Centre de sant\u00e9 des Religieuses Hospitali\u00e8res de Saint-Joseph de Cornwall. \u00c0 leur exemple, nous sommes r\u00e9solus \u00e0 am\u00e9liorer la qualit\u00e9 de vie des a\u00een\u00e9s et des adultes touch\u00e9s par une perte d\u2019autonomie en raison d\u2019une blessure ou d\u2019une maladie.<\/span><\/span><\/span><\/p>\n<p lang=\"en-CA\"><span style=\"color: #666666;\"><span style=\"font-family: Arial, sans-serif;\"><span lang=\"fr-CA\">La g\u00e9n\u00e9rosit\u00e9 de nos religieuses s\u2019est manifest\u00e9e dans leur d\u00e9cision courageuse de d\u00e9m\u00e9nager l\u2019H\u00f4pital H\u00f4tel-Dieu \u00e0 Cornwall. En juillet 2003, le minist\u00e8re de la Sant\u00e9 et des Soins de longue dur\u00e9e a officiellement accept\u00e9 la proposition des Religieuses Hospitali\u00e8res de Saint-Joseph d\u2019am\u00e9nager un nouvel h\u00f4pital communautaire \u00e0 l\u2019emplacement de l\u2019avenue McConnell.\u00a0Depuis janvier 2004, les Religieuses Hospitali\u00e8res de Saint-Joseph continuent de servir la communaut\u00e9 de Cornwall en donnant des soins aux personnes \u00e2g\u00e9es et aux pensionnaires ayant des besoins particuliers au Centre de soins prolong\u00e9s St-Joseph.<\/span><\/span><\/span><\/p>\n<p lang=\"en-CA\"><span style=\"color: #666666;\"><span style=\"font-family: Arial, sans-serif;\"><span lang=\"fr-CA\">Le Centre a restructur\u00e9 ses services et construit un \u00e9tablissement moderne qui regroupe \u00e0 un seul emplacement les soins continus complexes et les soins de longue dur\u00e9e.\u00a0C\u2019est \u00e0 cet endroit m\u00eame que les premi\u00e8res s\u0153urs des Religieuses Hospitali\u00e8res \u00e0 s\u2019\u00e9tablir \u00e0 Cornwall ont commenc\u00e9 leur minist\u00e8re de soins de sant\u00e9 en fondant l\u2019H\u00f4pital H\u00f4tel-Dieu, au printemps 1897, dans l\u2019ancienne r\u00e9sidence de Sir John Sandfield Macdonald, appel\u00e9e \u00ab\u00a0Ivy Hall\u00a0\u00bb.<\/span><\/span><\/span><\/p>\n<p lang=\"en-CA\"><span style=\"color: #666666;\"><span style=\"font-family: Arial, sans-serif;\"><span lang=\"fr-CA\">Apr\u00e8s la premi\u00e8re phase des travaux de construction, au cours de la premi\u00e8re semaine de d\u00e9cembre 2007, les pensionnaires ont \u00e9t\u00e9 d\u00e9m\u00e9nag\u00e9s dans le nouvel \u00e9tablissement de soins de longue dur\u00e9e. Une c\u00e9r\u00e9monie d\u2019ouverture officielle et de b\u00e9n\u00e9diction de la nouvelle Villa St-Joseph a eu lieu le jeudi 7 f\u00e9vrier 2008. La deuxi\u00e8me phase des travaux, l\u2019H\u00f4pital H\u00f4tel-Dieu, a \u00e9t\u00e9 achev\u00e9e \u00e0 l\u2019\u00e9t\u00e9 2009 et a permis d\u2019ajouter\u00a059 lits de soins continus complexes; les pensionnaires ont emm\u00e9nag\u00e9 le 9 juillet 2009. L\u2019ouverture officielle du nouvel \u00e9tablissement a eu lieu le 16 septembre 2009.<\/span><\/span><\/span><\/p>\n<p lang=\"en-CA\"><span style=\"color: #666666;\"><span style=\"font-family: Arial, sans-serif;\"><span lang=\"fr-CA\">Le Centre de soins prolong\u00e9s St-Joseph est fier d\u2019avoir re\u00e7u l\u2019agr\u00e9ment de CARF International. Notre Centre est membre du r\u00e9seau de Sant\u00e9 catholique internationale, comprenant des h\u00f4pitaux et des \u00e9tablissements de soins de longue dur\u00e9e en Ontario, au Nouveau-Brunswick et en Nouvelle-\u00c9cosse, au Canada; en Illinois et au Wisconsin, aux \u00c9tats-Unis; et en R\u00e9publique dominicaine.<\/span><\/span><\/span><\/p>\n<p class=\"western\" align=\"justify\"><span style=\"color: #666666;\"><span style=\"font-family: Arial, sans-serif;\"><span lang=\"fr-CA\">Que le m\u00eame esprit d\u2019amour, de souci des autres et de d\u00e9vouement qui a motiv\u00e9 les premi\u00e8res Religieuses Hospitali\u00e8res de Saint-Joseph anime chaque membre de notre Centre alors que nous r\u00e9pondons aux divers besoins de nos pensionnaires, de nos patients et de leur famille.<\/span><\/span><\/span><\/p>\n","protected":false},"excerpt":{"rendered":"<p>Le Centre de soins prolong\u00e9s St-Joseph, organisme de bienfaisance enregistr\u00e9, a \u00e9t\u00e9 fond\u00e9 par les Religieuses Hospitali\u00e8res de Saint-Joseph et est parrain\u00e9 par Sant\u00e9 catholique internationale. Il offre des soins continus complexes et des soins de longue dur\u00e9e. Pendant plus<\/p>\n","protected":false},"author":1,"featured_media":28,"parent":64,"menu_order":1,"comment_status":"closed","ping_status":"closed","template":"","meta":{"_monsterinsights_skip_tracking":false,"_monsterinsights_sitenote_active":false,"_monsterinsights_sitenote_note":"","_monsterinsights_sitenote_category":0,"footnotes":""},"class_list":["post-27","page","type-page","status-publish","has-post-thumbnail","hentry","wp-image-borders"],"_links":{"self":[{"href":"https:\/\/www.sjccc.ca\/sjfre\/index.php?rest_route=\/wp\/v2\/pages\/27","targetHints":{"allow":["GET"]}}],"collection":[{"href":"https:\/\/www.sjccc.ca\/sjfre\/index.php?rest_route=\/wp\/v2\/pages"}],"about":[{"href":"https:\/\/www.sjccc.ca\/sjfre\/index.php?rest_route=\/wp\/v2\/types\/page"}],"author":[{"embeddable":true,"href":"https:\/\/www.sjccc.ca\/sjfre\/index.php?rest_route=\/wp\/v2\/users\/1"}],"replies":[{"embeddable":true,"href":"https:\/\/www.sjccc.ca\/sjfre\/index.php?rest_route=%2Fwp%2Fv2%2Fcomments&post=27"}],"version-history":[{"count":8,"href":"https:\/\/www.sjccc.ca\/sjfre\/index.php?rest_route=\/wp\/v2\/pages\/27\/revisions"}],"predecessor-version":[{"id":784,"href":"https:\/\/www.sjccc.ca\/sjfre\/index.php?rest_route=\/wp\/v2\/pages\/27\/revisions\/784"}],"up":[{"embeddable":true,"href":"https:\/\/www.sjccc.ca\/sjfre\/index.php?rest_route=\/wp\/v2\/pages\/64"}],"wp:featuredmedia":[{"embeddable":true,"href":"https:\/\/www.sjccc.ca\/sjfre\/index.php?rest_route=\/wp\/v2\/media\/28"}],"wp:attachment":[{"href":"https:\/\/www.sjccc.ca\/sjfre\/index.php?rest_route=%2Fwp%2Fv2%2Fmedia&parent=27"}],"curies":[{"name":"wp","href":"https:\/\/api.w.org\/{rel}","templated":true}]}}