{"id":64,"date":"2014-05-08T07:47:44","date_gmt":"2014-05-08T11:47:44","guid":{"rendered":"http:\/\/sjccc.ca\/sjeng\/?page_id=64"},"modified":"2014-11-28T15:17:14","modified_gmt":"2014-11-28T20:17:14","slug":"our-story","status":"publish","type":"page","link":"https:\/\/www.sjccc.ca\/sjfre\/?page_id=64","title":{"rendered":"Notre histoire"},"content":{"rendered":"<p><img loading=\"lazy\" decoding=\"async\" class=\"alignright size-full wp-image-466\" src=\"http:\/\/www.rhsjcornwall.com\/sjfre\/wp-content\/uploads\/2014\/05\/sjccc0041.jpg\" alt=\"sjccc004\" width=\"500\" height=\"200\" srcset=\"https:\/\/www.sjccc.ca\/sjfre\/wp-content\/uploads\/2014\/05\/sjccc0041.jpg 500w, https:\/\/www.sjccc.ca\/sjfre\/wp-content\/uploads\/2014\/05\/sjccc0041-300x120.jpg 300w\" sizes=\"auto, (max-width: 500px) 100vw, 500px\" \/><\/p>\n<p><span style=\"color: #666666;\"><span style=\"font-family: Arial, sans-serif;\"><span lang=\"fr-CA\">En 2004, apr\u00e8s la mise en \u0153uvre de nouvelles orientations du minist\u00e8re de la Sant\u00e9 et des Soins de longue dur\u00e9e visant \u00e0 restructurer les soins de sant\u00e9 dans notre communaut\u00e9, notre \u00e9tablissement a adopt\u00e9 la d\u00e9nomination \u00ab\u00a0Centre de soins prolong\u00e9s St-Joseph\u00a0\u00bb. Avec son infrastructure et ses programmes, le Centre a succ\u00e9d\u00e9 \u00e0 la Villa St-Joseph (soins de longue dur\u00e9e) et \u00e0 l\u2019H\u00f4pital H\u00f4tel-Dieu (soins continus complexes). C\u2019\u00e9tait il y a plus de dix ans, mais encore aujourd\u2019hui, on entend les gens parler de \u00ab\u00a0la Villa\u00a0\u00bb et de \u00ab\u00a0l\u2019H\u00f4tel-Dieu\u00a0\u00bb.<\/span><\/span><\/span><\/p>\n<p><span style=\"color: #666666;\"><span style=\"font-family: Arial, sans-serif;\"><span lang=\"fr-CA\">Nous sommes fiers de notre \u00e9ventail de services et de l\u2019h\u00e9ritage qu\u2019a laiss\u00e9 \u00e0 notre communaut\u00e9 notre congr\u00e9gation religieuse fondatrice, les Religieuses Hospitali\u00e8res de Saint-Joseph (RHSJ). Les RHSJ se sont \u00e9tablies dans la r\u00e9gion en 1897 et ont r\u00e9pondu fid\u00e8lement aux besoins de la communaut\u00e9 jusqu\u2019en 2003. Pendant cette p\u00e9riode, 147 religieuses sont venues en aide \u00e0 des personnes malades, jeunes, \u00e2g\u00e9es et marginalis\u00e9es de notre communaut\u00e9 et ont assur\u00e9 la formation d\u2019infirmi\u00e8res. Les \u00e9tablissements et les organismes que les RHSJ ont fond\u00e9s et dont elles ont assur\u00e9 le fonctionnement sont l\u2019H\u00f4pital H\u00f4tel-Dieu (1897), la R\u00e9sidence Saint-Paul (1898), l\u2019Orphelinat Nazareth (1909), l\u2019\u00c9cole des infirmi\u00e8res de Saint-Joseph (1929), l\u2019H\u00f4pital Macdonnell Memorial (1959), la Villa St-Joseph (1969), le pavillon Janet Macdonell (1989), les Appartements Marie de la Ferre (1992) et le Centre de soins prolong\u00e9s St-Joseph (2004).<\/span><\/span><\/span><\/p>\n<p><span style=\"color: #666666;\"><span style=\"font-family: Arial, sans-serif;\"><span lang=\"fr-CA\">Comme nos fondatrices, nous demeurons au service de la population afin de r\u00e9pondre \u00e0 ses besoins, en nous inspirant de notre mission et en collaborant avec nos partenaires du syst\u00e8me de sant\u00e9 et de la communaut\u00e9. R\u00e9cemment, avec l\u2019aide du R\u00e9seau local d\u2019int\u00e9gration des services de sant\u00e9 de Champlain (LHIN), nous avons am\u00e9nag\u00e9 une unit\u00e9 de soins de r\u00e9tablissement de huit lits qui, dans le cadre de notre Programme de soins complexes, fournit des soins postactifs \u00e0 des patients afin de faciliter leur retour \u00e0 la maison.<\/span><\/span><\/span><\/p>\n<p><span style=\"color: #666666;\"><span style=\"font-family: Arial, sans-serif;\"><span lang=\"fr-CA\">Courageuses devant l\u2019adversit\u00e9 et les occasions qui s\u2019offraient \u00e0 elles, les religieuses ont toujours travaill\u00e9 pour le bien commun, et nous sommes d\u00e9termin\u00e9s \u00e0 maintenir leur tradition de service.<\/span><\/span><\/span><\/p>\n","protected":false},"excerpt":{"rendered":"<p>En 2004, apr\u00e8s la mise en \u0153uvre de nouvelles orientations du minist\u00e8re de la Sant\u00e9 et des Soins de longue dur\u00e9e visant \u00e0 restructurer les soins de sant\u00e9 dans notre communaut\u00e9, notre \u00e9tablissement a adopt\u00e9 la d\u00e9nomination \u00ab\u00a0Centre de soins<\/p>\n","protected":false},"author":1,"featured_media":0,"parent":0,"menu_order":0,"comment_status":"closed","ping_status":"closed","template":"","meta":{"_monsterinsights_skip_tracking":false,"_monsterinsights_sitenote_active":false,"_monsterinsights_sitenote_note":"","_monsterinsights_sitenote_category":0,"footnotes":""},"class_list":["post-64","page","type-page","status-publish","hentry","wp-image-borders"],"_links":{"self":[{"href":"https:\/\/www.sjccc.ca\/sjfre\/index.php?rest_route=\/wp\/v2\/pages\/64","targetHints":{"allow":["GET"]}}],"collection":[{"href":"https:\/\/www.sjccc.ca\/sjfre\/index.php?rest_route=\/wp\/v2\/pages"}],"about":[{"href":"https:\/\/www.sjccc.ca\/sjfre\/index.php?rest_route=\/wp\/v2\/types\/page"}],"author":[{"embeddable":true,"href":"https:\/\/www.sjccc.ca\/sjfre\/index.php?rest_route=\/wp\/v2\/users\/1"}],"replies":[{"embeddable":true,"href":"https:\/\/www.sjccc.ca\/sjfre\/index.php?rest_route=%2Fwp%2Fv2%2Fcomments&post=64"}],"version-history":[{"count":14,"href":"https:\/\/www.sjccc.ca\/sjfre\/index.php?rest_route=\/wp\/v2\/pages\/64\/revisions"}],"predecessor-version":[{"id":756,"href":"https:\/\/www.sjccc.ca\/sjfre\/index.php?rest_route=\/wp\/v2\/pages\/64\/revisions\/756"}],"wp:attachment":[{"href":"https:\/\/www.sjccc.ca\/sjfre\/index.php?rest_route=%2Fwp%2Fv2%2Fmedia&parent=64"}],"curies":[{"name":"wp","href":"https:\/\/api.w.org\/{rel}","templated":true}]}}