{"id":72,"date":"2014-05-08T07:50:02","date_gmt":"2014-05-08T11:50:02","guid":{"rendered":"http:\/\/sjccc.ca\/sjeng\/?page_id=72"},"modified":"2025-09-02T10:06:36","modified_gmt":"2025-09-02T14:06:36","slug":"board-of-directors","status":"publish","type":"page","link":"https:\/\/www.sjccc.ca\/sjfre\/?page_id=72","title":{"rendered":"Conseil d&rsquo;administration"},"content":{"rendered":"<p><strong>Conseil d\u2019administration (un poste vacant)<\/strong><\/p>\n<p>Le Comit\u00e9 de gouvernance du Centre de soins prolong\u00e9s St-Joseph (CSPSJ), un<br \/>\n\u00e9tablissement catholique parrain\u00e9 par Sant\u00e9 catholique internationale, invite les<br \/>\npersonnes de la communaut\u00e9 \u00e0 poser leur candidature pour un poste au sein du<br \/>\nconseil d\u2019administration.<\/p>\n<p>Les fonctions du conseil d\u2019administration comprennent la gestion des affaires du<br \/>\nCentre de soins continus St. Joseph, conform\u00e9ment \u00e0 l\u2019autorit\u00e9 et \u00e0 la responsabilit\u00e9<br \/>\nd\u00e9l\u00e9gu\u00e9es par les membres de la soci\u00e9t\u00e9. Chaque administrateur si\u00e8ge \u00e0 au moins<br \/>\nun comit\u00e9 du conseil.<\/p>\n<p>Les personnes qui souhaitent \u00eatre consid\u00e9r\u00e9es comme candidats pour le Conseil<br \/>\nd\u2019administration sont invit\u00e9es \u00e0 envoyer leur curriculum vitae \u00e0 l\u2019adresse<br \/>\n<a href=\"mailto:executiveoffices@sjccc.ca\">executiveoffices@sjccc.ca<\/a>. Date limite du d\u00e9p\u00f4t des candidatures : Le poste<br \/>\nrestera ouvert jusqu&rsquo;\u00e0 ce qu&rsquo;il soit pourvu.<\/p>\n<p><span style=\"text-decoration: underline;\">Le conseil d&rsquo;administration 2025-2026<\/span><\/p>\n<p>Paul Desnoyers, Pr\u00e9sident<\/p>\n<p>Mathieu Desptie, Vice-pr\u00e9sidente<\/p>\n<p>Elizabeth MacLennan, Pr\u00e9sidente-pass\u00e9; Secr\u00e9taire-tr\u00e9sori\u00e8re<\/p>\n<p>Soeur Patricia Cuddihy<\/p>\n<p>Docteur Subhash C. Patel<\/p>\n<p>Anne Vincelli<\/p>\n<p>Deacon Guy Cote<\/p>\n<p>Katie Michaud<\/p>\n<p>Rayanne Gazdar<\/p>\n<p>Dennis Richer<\/p>\n<p>Chantal Tessier<\/p>\n<p>Stephanie Sanborn<\/p>\n<p>Marc Leduc<\/p>\n<p><u>Directrices sans vote<\/u><\/p>\n<p>Gizanne Lafrance-Allaire, Directrice g<u>\u00e9n\u00e9rale<\/u><\/p>\n<p>Lynn Theriault, Chef de direction des soins infirmiers<\/p>\n<p><u>Invit\u00e9e<\/u><\/p>\n<p>Melanie Fauteux, Coordinatrice des services d&rsquo;administration<\/p>\n<p><em><span lang=\"FR-CA\"><span style=\"font-size: small;\">Ordinairement les r\u00e9unions du conseil d\u2019administration ont lieu \u00e0 midi le premier jeudi du mois (sauf en juillet et en ao\u00fbt) au 14, rue York. Vous pouvez confirmer la date et l\u2019heure des r\u00e9unions en communiquant avec le bureau du conseil (services administratifs) au 613-933-6040, poste 21185.<\/span><\/span><\/em><\/p>\n<p><a href=\"https:\/\/www.sjccc.ca\/sjfre\/wp-content\/uploads\/2025\/09\/7IV00704_EDIT-300x164-1.jpg\"><img loading=\"lazy\" decoding=\"async\" class=\"alignnone wp-image-2370\" src=\"https:\/\/www.sjccc.ca\/sjfre\/wp-content\/uploads\/2025\/09\/7IV00704_EDIT-300x164-1.jpg\" alt=\"\" width=\"380\" height=\"208\" \/><\/a><\/p>\n","protected":false},"excerpt":{"rendered":"<p>Conseil d\u2019administration (un poste vacant) Le Comit\u00e9 de gouvernance du Centre de soins prolong\u00e9s St-Joseph (CSPSJ), un \u00e9tablissement catholique parrain\u00e9 par Sant\u00e9 catholique internationale, invite les personnes de la communaut\u00e9 \u00e0 poser leur candidature pour un poste au sein du<\/p>\n","protected":false},"author":1,"featured_media":0,"parent":0,"menu_order":0,"comment_status":"closed","ping_status":"closed","template":"","meta":{"_monsterinsights_skip_tracking":false,"_monsterinsights_sitenote_active":false,"_monsterinsights_sitenote_note":"","_monsterinsights_sitenote_category":0,"footnotes":""},"class_list":["post-72","page","type-page","status-publish","hentry","wp-image-borders"],"_links":{"self":[{"href":"https:\/\/www.sjccc.ca\/sjfre\/index.php?rest_route=\/wp\/v2\/pages\/72","targetHints":{"allow":["GET"]}}],"collection":[{"href":"https:\/\/www.sjccc.ca\/sjfre\/index.php?rest_route=\/wp\/v2\/pages"}],"about":[{"href":"https:\/\/www.sjccc.ca\/sjfre\/index.php?rest_route=\/wp\/v2\/types\/page"}],"author":[{"embeddable":true,"href":"https:\/\/www.sjccc.ca\/sjfre\/index.php?rest_route=\/wp\/v2\/users\/1"}],"replies":[{"embeddable":true,"href":"https:\/\/www.sjccc.ca\/sjfre\/index.php?rest_route=%2Fwp%2Fv2%2Fcomments&post=72"}],"version-history":[{"count":49,"href":"https:\/\/www.sjccc.ca\/sjfre\/index.php?rest_route=\/wp\/v2\/pages\/72\/revisions"}],"predecessor-version":[{"id":1209,"href":"https:\/\/www.sjccc.ca\/sjfre\/index.php?rest_route=\/wp\/v2\/pages\/72\/revisions\/1209"}],"wp:attachment":[{"href":"https:\/\/www.sjccc.ca\/sjfre\/index.php?rest_route=%2Fwp%2Fv2%2Fmedia&parent=72"}],"curies":[{"name":"wp","href":"https:\/\/api.w.org\/{rel}","templated":true}]}}