{"id":938,"date":"2017-10-31T11:50:24","date_gmt":"2017-10-31T15:50:24","guid":{"rendered":"http:\/\/159.203.57.202\/sjfre\/?page_id=938"},"modified":"2019-11-04T14:42:58","modified_gmt":"2019-11-04T19:42:58","slug":"protection-des-renseignements-personnels","status":"publish","type":"page","link":"https:\/\/www.sjccc.ca\/sjfre\/?page_id=938","title":{"rendered":"Protection des renseignements personnels"},"content":{"rendered":"<p class=\"text-center\" style=\"text-align: center;\"><strong>AVIS AUX PATIENTS<\/strong><\/p>\n<p class=\"text-center\" style=\"text-align: center;\"><strong>PROGRAMME DE PROTECTION DES RENSEIGNEMENTS PERSONNELS DE CENTRE DE SOINS PROLONG\u00c9S ST-JOSEPH<\/strong><\/p>\n<p>Le Centre de soins prolong\u00e9s St-Joseph recueille, conserve, utilise et divulgue des renseignements personnels sur la sant\u00e9 de ses patients uniquement pour les raisons suivantes :<\/p>\n<ul>\n<li>fournir des soins aux patients concern\u00e9s<\/li>\n<li>contr\u00f4ler et \u00e9valuer la qualit\u00e9 de l\u2019ensemble des soins<\/li>\n<li>administrer et g\u00e9rer les activit\u00e9s de l\u2019h\u00f4pital<\/li>\n<li>mener de la recherche, former des professionnels de la sant\u00e9 et compiler des statistiques<\/li>\n<li>se conformer aux lois et aux r\u00e8glements applicables.<\/li>\n<li><a href=\"http:\/\/www.ehealthontario.on.ca\/fr\/\" target=\"_blank\" rel=\"noopener noreferrer\">participer aux programmes de dossier de sant\u00e9 \u00e9lectronique de la province<\/a><\/li>\n<\/ul>\n<p><strong>Acc\u00e8s et correction<\/strong><\/p>\n<p>La\u00a0Centre de soins prolong\u00e9s St-Joseph conserve votre dossier m\u00e9dical sous forme papier et \u00e9lectronique. Des professionnels de la sant\u00e9 et des \u00e9quipes de soins de l\u2019ext\u00e9rieur de L\u2019H\u00f4pital peuvent acc\u00e9der \u00e0 votre dossier, mais seulement s\u2019ils vous donnent des soins et\u00a0 qu\u2019ils ont sign\u00e9 une entente avec l\u2019H\u00f4pital.<\/p>\n<p>Vous pouvez avoir acc\u00e8s \u00e0 vos propres renseignements personnels sur la sant\u00e9 ou demander qu\u2019ils soient corrig\u00e9s en communiquant avec le Service des archives m\u00e9dicales de l\u2019H\u00f4pital.<\/p>\n<p><strong>Mesures de protection<\/strong><\/p>\n<p>Nous prenons des mesures pour prot\u00e9ger vos renseignements personnels sur la sant\u00e9 contre le vol, la perte, l\u2019acc\u00e8s non-autoris\u00e9, la reproduction, la modification, l\u2019utilisation, la divulgation et la destruction sans autorisation. Nous proc\u00e9dons aussi \u00e0 des v\u00e9rifications et \u00e0 des enqu\u00eates pour nous assurer d\u2019\u00eatre conforme aux lois et aux r\u00e8glements en mati\u00e8re de protection de la vie priv\u00e9e. Nous prenons \u00e9galement des dispositions pour veiller \u00e0 ce que tout fournisseur de services respecte votre confidentialit\u00e9 et qu\u2019il n\u2019utilise vos renseignements que pour les motifs auxquels vous avez consenti.<\/p>\n<p>&nbsp;<\/p>\n<p><strong>Renseignements<br \/>\n<\/strong>Pour en savoir plus sur nos pratiques de protection des renseignements personnels, veuillez communiquez avec\u00a0:<\/p>\n<div class=\"row\">\n<div class=\"col-xs-6\">L\u2019\u00e9quipe du Bureau de la protection de la vie priv\u00e9e et de l\u2019information de le Centre de soins prolong\u00e9s St-Joseph<br \/>\nT\u00e9l\u00e9phone : 613-933-6040 ext. 21179<br \/>\nT\u00e9l\u00e9copieur : 613-933-0163<br \/>\nCourriel :\u00a0<a href=\"mailto:privacy@sjccc.ca\">privacy@sjccc.ca<\/a><\/div>\n<p>&nbsp;<\/p>\n<div class=\"col-xs-6\">Commissaire \u00e0 l\u2019information et \u00e0 la protection de la vie<br \/>\npriv\u00e9e de l\u2019Ontario<br \/>\n2, rue Bloor Est, pi\u00e8ce 1400<br \/>\nToronto, Ontario M4W 1A8<br \/>\n416-326-3333 ou 1-800-387-0073<\/div>\n<\/div>\n","protected":false},"excerpt":{"rendered":"<p>AVIS AUX PATIENTS PROGRAMME DE PROTECTION DES RENSEIGNEMENTS PERSONNELS DE CENTRE DE SOINS PROLONG\u00c9S ST-JOSEPH Le Centre de soins prolong\u00e9s St-Joseph recueille, conserve, utilise et divulgue des renseignements personnels sur la sant\u00e9 de ses patients uniquement pour les raisons suivantes<\/p>\n","protected":false},"author":1,"featured_media":0,"parent":0,"menu_order":0,"comment_status":"closed","ping_status":"closed","template":"","meta":{"_monsterinsights_skip_tracking":false,"_monsterinsights_sitenote_active":false,"_monsterinsights_sitenote_note":"","_monsterinsights_sitenote_category":0,"footnotes":""},"class_list":["post-938","page","type-page","status-publish","hentry","wp-image-borders"],"_links":{"self":[{"href":"https:\/\/www.sjccc.ca\/sjfre\/index.php?rest_route=\/wp\/v2\/pages\/938","targetHints":{"allow":["GET"]}}],"collection":[{"href":"https:\/\/www.sjccc.ca\/sjfre\/index.php?rest_route=\/wp\/v2\/pages"}],"about":[{"href":"https:\/\/www.sjccc.ca\/sjfre\/index.php?rest_route=\/wp\/v2\/types\/page"}],"author":[{"embeddable":true,"href":"https:\/\/www.sjccc.ca\/sjfre\/index.php?rest_route=\/wp\/v2\/users\/1"}],"replies":[{"embeddable":true,"href":"https:\/\/www.sjccc.ca\/sjfre\/index.php?rest_route=%2Fwp%2Fv2%2Fcomments&post=938"}],"version-history":[{"count":3,"href":"https:\/\/www.sjccc.ca\/sjfre\/index.php?rest_route=\/wp\/v2\/pages\/938\/revisions"}],"predecessor-version":[{"id":1073,"href":"https:\/\/www.sjccc.ca\/sjfre\/index.php?rest_route=\/wp\/v2\/pages\/938\/revisions\/1073"}],"wp:attachment":[{"href":"https:\/\/www.sjccc.ca\/sjfre\/index.php?rest_route=%2Fwp%2Fv2%2Fmedia&parent=938"}],"curies":[{"name":"wp","href":"https:\/\/api.w.org\/{rel}","templated":true}]}}